{"id":1601,"date":"2018-04-18T16:54:48","date_gmt":"2018-04-18T14:54:48","guid":{"rendered":"https:\/\/alumniunige.ch\/?page_id=1601"},"modified":"2023-11-17T15:27:53","modified_gmt":"2023-11-17T14:27:53","slug":"cultural-activities","status":"publish","type":"page","link":"https:\/\/alumniunige.ch\/en\/cultural-activities\/","title":{"rendered":"Cultural activities"},"content":{"rendered":"<div class=\"wpb-content-wrapper\"><div id=\"tdi_1\" class=\"tdc-row stretch_row\"><div class=\"vc_row vc_custom_1511613119705 tdi_2  wpb_row td-pb-row\" >\n<style scoped>\n\/* custom css - generated by TagDiv Composer *\/\n\n\/* tdc_composer_block - inline css att *\/\n.vc_custom_1511613119705{background-position: center !important;background-repeat: no-repeat !important;background-size: cover !important;}\n\/* custom css - generated by TagDiv Composer *\/\n.tdi_2,\r\n                .tdi_2 .tdc-columns{\r\n                    min-height: 0;\r\n                }.tdi_2,\r\n\t\t\t\t.tdi_2 .tdc-columns{\r\n\t\t\t\t    display: block;\r\n\t\t\t\t}.tdi_2 .tdc-columns{\r\n\t\t\t\t    width: 100%;\r\n\t\t\t\t}.tdi_2:before,\r\n\t\t\t\t.tdi_2:after{\r\n\t\t\t\t    display: table;\r\n\t\t\t\t}\n<\/style><div class=\"vc_column tdi_4  wpb_column vc_column_container tdc-column td-pb-span12\">\n<style scoped>\n\/* custom css - generated by TagDiv Composer *\/\n\n\/* custom css - generated by TagDiv Composer *\/\n.tdi_4{\r\n                    vertical-align: baseline;\r\n                }.tdi_4 > .wpb_wrapper,\r\n\t\t\t\t.tdi_4 > .wpb_wrapper > .tdc-elements{\r\n\t\t\t\t    display: block;\r\n\t\t\t\t}.tdi_4 > .wpb_wrapper > .tdc-elements{\r\n\t\t\t\t    width: 100%;\r\n\t\t\t\t}.tdi_4 > .wpb_wrapper > .vc_row_inner{\r\n\t\t\t\t    width: auto;\r\n\t\t\t\t}.tdi_4 > .wpb_wrapper{\r\n\t\t\t\t    width: auto;\r\n\t\t\t\t    height: auto;\r\n\t\t\t\t}\n<\/style><div class=\"wpb_wrapper\" >[vc_column_text]\r\n<h1>CULTURAL ACTIVITIES<\/h1>\r\n[\/vc_column_text][vc_tta_tour][vc_tta_section title=&#8221;CULTURAL PARTNERSHIPS&#8221; tab_id=&#8221;1511705992815-8c6930b9-e857&#8243;][vc_single_image image=&#8221;1191&#8243; img_size=&#8221;full&#8221; alignment=&#8221;center&#8221; css_animation=&#8221;fadeIn&#8221;]<div class=\"vc_row_inner tdi_6  vc_row vc_inner wpb_row td-pb-row\" >\n<style scoped>\n\/* custom css - generated by TagDiv Composer *\/\n\n\/* custom css - generated by TagDiv Composer *\/\n.tdi_6{\r\n                    position: relative !important;\r\n                    top: 0;\r\n                    transform: none;\r\n                    -webkit-transform: none;\r\n                }.tdi_6,\r\n\t\t\t\t.tdi_6 .tdc-inner-columns{\r\n\t\t\t\t    display: block;\r\n\t\t\t\t}.tdi_6 .tdc-inner-columns{\r\n\t\t\t\t    width: 100%;\r\n\t\t\t\t}\n<\/style><div class=\"vc_column_inner tdi_8  wpb_column vc_column_container tdc-inner-column td-pb-span8\">\n<style scoped>\n\/* custom css - generated by TagDiv Composer *\/\n\n\/* custom css - generated by TagDiv Composer *\/\n.tdi_8{\r\n                    vertical-align: baseline;\r\n                }.tdi_8 .vc_column-inner > .wpb_wrapper,\r\n\t\t\t\t.tdi_8 .vc_column-inner > .wpb_wrapper .tdc-elements{\r\n\t\t\t\t    display: block;\r\n\t\t\t\t}.tdi_8 .vc_column-inner > .wpb_wrapper .tdc-elements{\r\n\t\t\t\t    width: 100%;\r\n\t\t\t\t}\n<\/style><div class=\"vc_column-inner\"><div class=\"wpb_wrapper\" >[vc_column_text]\r\n<h4><strong>Invitations to and discounts on major cultural events<\/strong><\/h4>\r\nWe can offer you invitations, discounts and even half-price membership for some of the most prestigious cultural institutions in and around Geneva. Our partners include:<a href=\"https:\/\/theatredecarouge.ch\/\"> Th\u00e9\u00e2tre de Carouge<\/a>, <a href=\"https:\/\/www.comedie.ch\/\">Com\u00e9die de Gen\u00e8ve<\/a>, <a href=\"https:\/\/www.musika-association.ch\/\">Musika<\/a>, and a number of other museums and galleries. Members will receive personal invitations and offers by email.[\/vc_column_text]<\/div><\/div><\/div><div class=\"vc_column_inner vc_custom_1511706463879 tdi_10  wpb_column vc_column_container tdc-inner-column td-pb-span4\">\n<style scoped>\n\/* custom css - generated by TagDiv Composer *\/\n\n\/* tdc_composer_block - inline css att *\/\n.vc_custom_1511706463879{padding-top: 20px !important;padding-right: 20px !important;padding-bottom: 20px !important;padding-left: 20px !important;background-color: #efefef !important;}\n\/* custom css - generated by TagDiv Composer *\/\n.tdi_10{\r\n                    vertical-align: baseline;\r\n                }.tdi_10 .vc_column-inner > .wpb_wrapper,\r\n\t\t\t\t.tdi_10 .vc_column-inner > .wpb_wrapper .tdc-elements{\r\n\t\t\t\t    display: block;\r\n\t\t\t\t}.tdi_10 .vc_column-inner > .wpb_wrapper .tdc-elements{\r\n\t\t\t\t    width: 100%;\r\n\t\t\t\t}\n<\/style><div class=\"vc_column-inner\"><div class=\"wpb_wrapper\" ><\/div><\/div><\/div><\/div>[\/vc_tta_section][vc_tta_section title=&#8221;CULTURE @ UNIGE&#8221; tab_id=&#8221;culture-unige&#8221;]<div class=\"vc_row_inner tdi_12  vc_row vc_inner wpb_row td-pb-row\" >\n<style scoped>\n\/* custom css - generated by TagDiv Composer *\/\n\n\/* custom css - generated by TagDiv Composer *\/\n.tdi_12{\r\n                    position: relative !important;\r\n                    top: 0;\r\n                    transform: none;\r\n                    -webkit-transform: none;\r\n                }.tdi_12,\r\n\t\t\t\t.tdi_12 .tdc-inner-columns{\r\n\t\t\t\t    display: block;\r\n\t\t\t\t}.tdi_12 .tdc-inner-columns{\r\n\t\t\t\t    width: 100%;\r\n\t\t\t\t}\n<\/style><div class=\"vc_column_inner tdi_14  wpb_column vc_column_container tdc-inner-column td-pb-span8\">\n<style scoped>\n\/* custom css - generated by TagDiv Composer *\/\n\n\/* custom css - generated by TagDiv Composer *\/\n.tdi_14{\r\n                    vertical-align: baseline;\r\n                }.tdi_14 .vc_column-inner > .wpb_wrapper,\r\n\t\t\t\t.tdi_14 .vc_column-inner > .wpb_wrapper .tdc-elements{\r\n\t\t\t\t    display: block;\r\n\t\t\t\t}.tdi_14 .vc_column-inner > .wpb_wrapper .tdc-elements{\r\n\t\t\t\t    width: 100%;\r\n\t\t\t\t}\n<\/style><div class=\"vc_column-inner\"><div class=\"wpb_wrapper\" >[vc_column_text]\r\n<h4><strong>Culture at UNIGE<\/strong><\/h4>\r\n<a href=\"https:\/\/www.unige.ch\/dife\/culture\/\">Culture<\/a> at the University of Geneva offers a wide range of events and activities in various artistic fields. Subject to availability, all UNIGE cultural activities are open to alumni at preferential rates. At the end of the year, courses and workshops lead to presentations of the work done through performances, theatrical improvisations, exhibitions&#8230; to which alumni are also invited.\r\n<h4>Cin\u00e9-Club, University Orchestra and Choir&#8230;<\/h4>\r\nParticularly famous for the three tutelary figures who founded it more than sixty years ago, Claude Goretta, Alain Tanner and Jean Mohr, <a href=\"http:\/\/culture.unige.ch\/cineclub\/\">the Cin\u00e9-Club<\/a> programs three annual cycles of film projections. Also unmissable are the concerts of <a href=\"https:\/\/www.unige.ch\/dife\/culture\/choeur-de-luniversite\/\">the University Choir<\/a> and <a href=\"https:\/\/www.unige.ch\/dife\/culture\/orchestre-de-luniversite\/\">the University Orchestra<\/a> on the prestigious stage of Victoria Hall, for the musical performance of the great symphonic or choral masterpieces.\r\n<h4>Cultural events<\/h4>\r\nA number of one-off events, demonstrations, shows, conferences and screenings are regularly produced throughout the year.\r\n\r\nTo never miss any of their news, we invite you to register on <a href=\"https:\/\/culture.unige.ch\">culture.unige.ch<\/a>. You will then be able to subscribe to the weekly cultural newsletter.[\/vc_column_text]<\/div><\/div><\/div><div class=\"vc_column_inner tdi_16  wpb_column vc_column_container tdc-inner-column td-pb-span4\">\n<style scoped>\n\/* custom css - generated by TagDiv Composer *\/\n\n\/* custom css - generated by TagDiv Composer *\/\n.tdi_16{\r\n                    vertical-align: baseline;\r\n                }.tdi_16 .vc_column-inner > .wpb_wrapper,\r\n\t\t\t\t.tdi_16 .vc_column-inner > .wpb_wrapper .tdc-elements{\r\n\t\t\t\t    display: block;\r\n\t\t\t\t}.tdi_16 .vc_column-inner > .wpb_wrapper .tdc-elements{\r\n\t\t\t\t    width: 100%;\r\n\t\t\t\t}\n<\/style><div class=\"vc_column-inner\"><div class=\"wpb_wrapper\" >[vc_column_text]\r\n<h4>Culture from A to Z<\/h4>\r\n[\/vc_column_text][vc_btn title=&#8221;Explore&#8221; color=&#8221;warning&#8221; link=&#8221;url:https%3A%2F%2Fwww.unige.ch%2Fdife%2Fculture%2Factivites%2F&#8221;][vc_column_text]\r\n<h4>The Cin\u00e9-Club<\/h4>\r\n[\/vc_column_text][vc_btn title=&#8221;Discover&#8221; color=&#8221;primary&#8221; link=&#8221;url:https%3A%2F%2Fwww.unige.ch%2Fdife%2Fculture%2Fcinema%2F&#8221;][vc_column_text]\r\n<h4>Cultural events<\/h4>\r\n[\/vc_column_text][vc_btn title=&#8221;Explore&#8221; color=&#8221;danger&#8221; link=&#8221;url:https%3A%2F%2Fwww.unige.ch%2Fdife%2Fculture%2Fevenements%2F&#8221;][vc_column_text]\r\n<h4>University Choir<\/h4>\r\n[\/vc_column_text][vc_btn title=&#8221;Explore&#8221; color=&#8221;vista-blue&#8221; link=&#8221;url:https%3A%2F%2Funige.ch%2Fdife%2Fculture%2Factivites%2Fmusique%2Fchoeur-de-luniversite&#8221;][vc_column_text]\r\n<h4>University Orchestra<\/h4>\r\n[\/vc_column_text][vc_btn title=&#8221;Explore&#8221; color=&#8221;violet&#8221; link=&#8221;url:https%3A%2F%2Funige.ch%2Fdife%2Fculture%2Factivites%2Fmusique%2Forchestre-de-luniversite&#8221;]<\/div><\/div><\/div><\/div>[\/vc_tta_section][vc_tta_section title=&#8221;ALUMNI TRIPS&#8221; tab_id=&#8221;alumni-trips&#8221;][vc_single_image image=&#8221;1193&#8243; img_size=&#8221;full&#8221;]<div class=\"vc_row_inner tdi_18  vc_row vc_inner wpb_row td-pb-row\" >\n<style scoped>\n\/* custom css - generated by TagDiv Composer *\/\n\n\/* custom css - generated by TagDiv Composer *\/\n.tdi_18{\r\n                    position: relative !important;\r\n                    top: 0;\r\n                    transform: none;\r\n                    -webkit-transform: none;\r\n                }.tdi_18,\r\n\t\t\t\t.tdi_18 .tdc-inner-columns{\r\n\t\t\t\t    display: block;\r\n\t\t\t\t}.tdi_18 .tdc-inner-columns{\r\n\t\t\t\t    width: 100%;\r\n\t\t\t\t}\n<\/style><div class=\"vc_column_inner tdi_20  wpb_column vc_column_container tdc-inner-column td-pb-span8\">\n<style scoped>\n\/* custom css - generated by TagDiv Composer *\/\n\n\/* custom css - generated by TagDiv Composer *\/\n.tdi_20{\r\n                    vertical-align: baseline;\r\n                }.tdi_20 .vc_column-inner > .wpb_wrapper,\r\n\t\t\t\t.tdi_20 .vc_column-inner > .wpb_wrapper .tdc-elements{\r\n\t\t\t\t    display: block;\r\n\t\t\t\t}.tdi_20 .vc_column-inner > .wpb_wrapper .tdc-elements{\r\n\t\t\t\t    width: 100%;\r\n\t\t\t\t}\n<\/style><div class=\"vc_column-inner\"><div class=\"wpb_wrapper\" >[vc_column_text]\r\n<h3><strong>Alumni trips<\/strong><\/h3>\r\n<h4><strong>Tours and excursions<\/strong><\/h4>\r\n<p class=\"bodytext\">We organize a range of tours, excursions and other trips for our members. These trips are about more than just sightseeing \u2013 they are cultural and educational experiences that provide members with an opportunity to network with other Alumni. They are also a chance for other members of the UNIGE community to share their knowledge and know-how.<\/p>\r\n\r\n<h4><strong>Educational trips with researchers and professors<\/strong><\/h4>\r\n<p class=\"bodytext\">We organize trips with a UNIGE researcher or professors as your guide. These trips may take place close to home or further afield \u2013 some of them last an evening, others several weeks. They can cover anything from culture and history to natural phenomena and research facilities.<\/p>\r\n\r\n<h4><strong>Our trips<\/strong><\/h4>\r\n<p class=\"bodytext\">You can find out more about each destination by clicking on the link in the right column. Please note that places for these trips are limited \u2013 we keep the groups small so that you can make the most out of the experience and your guide. But we do try to ensure that we repeat the most popular trips whenever possible.<\/p>\r\n[\/vc_column_text]<\/div><\/div><\/div><div class=\"vc_column_inner vc_custom_1511627475469 tdi_22  wpb_column vc_column_container tdc-inner-column td-pb-span4\">\n<style scoped>\n\/* custom css - generated by TagDiv Composer *\/\n\n\/* tdc_composer_block - inline css att *\/\n.vc_custom_1511627475469{padding-top: 20px !important;padding-right: 20px !important;padding-bottom: 20px !important;padding-left: 20px !important;background-color: #efefef !important;}\n\/* custom css - generated by TagDiv Composer *\/\n.tdi_22{\r\n                    vertical-align: baseline;\r\n                }.tdi_22 .vc_column-inner > .wpb_wrapper,\r\n\t\t\t\t.tdi_22 .vc_column-inner > .wpb_wrapper .tdc-elements{\r\n\t\t\t\t    display: block;\r\n\t\t\t\t}.tdi_22 .vc_column-inner > .wpb_wrapper .tdc-elements{\r\n\t\t\t\t    width: 100%;\r\n\t\t\t\t}\n<\/style><div class=\"vc_column-inner\"><div class=\"wpb_wrapper\" >[vc_column_text]<strong>Our trips:<\/strong>\r\n<ul>\r\n \t<li><a class=\"file ext-pdf\" title=\"Australie.pdf\" href=\"https:\/\/alumniunige.ch\/wp-content\/uploads\/2017\/08\/Australie.pdf\">Australia (August 2010)<\/a><\/li>\r\n \t<li><a class=\"file ext-pdf\" title=\"Alumni-Mali2.pdf\" href=\"https:\/\/alumniunige.ch\/wp-content\/uploads\/2017\/08\/Alumni-Mali2.pdf\">Mali and Burkina Faso with UNIGE researchers (February 2011)<\/a><\/li>\r\n \t<li><a class=\"download\" title=\"Initiates file download\" href=\"https:\/\/alumniunige.ch\/wp-content\/uploads\/2017\/08\/Bodmer.pdf\">Ancient medicine, from body to stars<\/a><\/li>\r\n \t<li><a href=\"https:\/\/alumniunige.ch\/wp-content\/uploads\/2017\/08\/Stonehenge.pdf\">Weekend at Stonehenge and Avebury (May 2011)<\/a><\/li>\r\n \t<li><a href=\"https:\/\/alumniunige.ch\/wp-content\/uploads\/2017\/08\/VoyPomp.pdf\">Three days in Pompeii (October 2011)<\/a><\/li>\r\n \t<li><a href=\"https:\/\/alumniunige.ch\/wp-content\/uploads\/2017\/08\/Programme-Albanie.pdf\">A week in Albania (October 2012)<\/a><\/li>\r\n \t<li><a href=\"https:\/\/alumniunige.ch\/wp-content\/uploads\/2017\/08\/Programme_Arcadie.pdf\">The sources of the Styx, in Arcadia, Greece (May 2013)<\/a><\/li>\r\n \t<li><a href=\"https:\/\/alumniunige.ch\/wp-content\/uploads\/2017\/08\/Programme_Oetzi.pdf\">Discovering \u00d6tzi (October 2013)<\/a><\/li>\r\n \t<li><a href=\"https:\/\/alumniunige.ch\/wp-content\/uploads\/2017\/08\/Chypre-programme.pdf\">Archaeology trip to Cyprus (May 2014)<\/a><\/li>\r\n \t<li><a href=\"https:\/\/alumniunige.ch\/wp-content\/uploads\/2017\/08\/Crotone.pdf\">Archaeology and gastronomy in Pythagoras&#8217;s country (September 2014)<\/a><\/li>\r\n \t<li><a href=\"https:\/\/alumniunige.ch\/wp-content\/uploads\/2017\/08\/Vermeer.pdf\">Discovering Vermeer in Delft (November 2014)<\/a><\/li>\r\n \t<li><a href=\"https:\/\/alumniunige.ch\/wp-content\/uploads\/2017\/08\/Programme_Sicile.pdf\">Sicilian myths and Palermo treasures (May 2015)<\/a><\/li>\r\n \t<li><a href=\"https:\/\/alumniunige.ch\/wp-content\/uploads\/2017\/08\/Programme_ESTEC.pdf\">A trip to the heart of Europe&#8217;s space research, the Netherlands (October 2015)<\/a><\/li>\r\n \t<li><a href=\"https:\/\/alumniunige.ch\/wp-content\/uploads\/2017\/08\/Programme_Arde__che.pdf\">Palaeolithic and Neolithic sites in the Ard\u00e8che region, France (February 2016)<\/a><\/li>\r\n \t<li><a href=\"https:\/\/alumniunige.ch\/wp-content\/uploads\/2017\/08\/Armenie-_programme.pdf\">Uncovering Armenia (May 2017)<\/a><\/li>\r\n \t<li><a href=\"https:\/\/alumniunige.ch\/wp-content\/uploads\/2018\/04\/british-museum.pdf\">Delving into the British Museum (December 2017)<\/a><\/li>\r\n \t<li><a href=\"https:\/\/alumniunige.ch\/wp-content\/uploads\/2018\/04\/Programme-Van-Gogh.pdf\">Following in Van Gogh&#8217;s footsteps (September 2018)<\/a><\/li>\r\n \t<li><a href=\"https:\/\/alumniunige.ch\/wp-content\/uploads\/2019\/08\/Programme-Sicile.d\u00e9f.pdf\">Archaeological dives in southern Sicily (May 2019)<\/a><\/li>\r\n \t<li><a href=\"https:\/\/alumniunige.ch\/wp-content\/uploads\/2019\/08\/Programme-Dordogne.pdf\">Palaeolithic treasures in the Dordogne, France (October 2019)<\/a><\/li>\r\n<\/ul>\r\n[\/vc_column_text]<\/div><\/div><\/div><\/div>[\/vc_tta_section][vc_tta_section title=&#8221;EXHIBITION TOURS&#8221; tab_id=&#8221;exhibition-tours&#8221;][vc_single_image image=&#8221;1189&#8243; img_size=&#8221;full&#8221; alignment=&#8221;center&#8221;]<div class=\"vc_row_inner tdi_24  vc_row vc_inner wpb_row td-pb-row\" >\n<style scoped>\n\/* custom css - generated by TagDiv Composer *\/\n\n\/* custom css - generated by TagDiv Composer *\/\n.tdi_24{\r\n                    position: relative !important;\r\n                    top: 0;\r\n                    transform: none;\r\n                    -webkit-transform: none;\r\n                }.tdi_24,\r\n\t\t\t\t.tdi_24 .tdc-inner-columns{\r\n\t\t\t\t    display: block;\r\n\t\t\t\t}.tdi_24 .tdc-inner-columns{\r\n\t\t\t\t    width: 100%;\r\n\t\t\t\t}\n<\/style><div class=\"vc_column_inner tdi_26  wpb_column vc_column_container tdc-inner-column td-pb-span8\">\n<style scoped>\n\/* custom css - generated by TagDiv Composer *\/\n\n\/* custom css - generated by TagDiv Composer *\/\n.tdi_26{\r\n                    vertical-align: baseline;\r\n                }.tdi_26 .vc_column-inner > .wpb_wrapper,\r\n\t\t\t\t.tdi_26 .vc_column-inner > .wpb_wrapper .tdc-elements{\r\n\t\t\t\t    display: block;\r\n\t\t\t\t}.tdi_26 .vc_column-inner > .wpb_wrapper .tdc-elements{\r\n\t\t\t\t    width: 100%;\r\n\t\t\t\t}\n<\/style><div class=\"vc_column-inner\"><div class=\"wpb_wrapper\" >[vc_column_text]\r\n<h3><strong>Exhibition tours<\/strong><\/h3>\r\n<h4><strong>Guided exhibition tours<\/strong><\/h4>\r\nWe regularly organize tours of exhibitions, either with a UNIGE professor or another expert. The Fondation Opale, the Fondation Gianadda, the Mus\u00e9e d&#8217;ethnographie de Gen\u00e8ve, the International Red Cross and Red Crescent Museum and the Mus\u00e9e d\u2019art et d\u2019histoire are just some of our regular destinations. And let&#8217;s not forget <a href=\"https:\/\/www.unige.ch\/cite\/evenements\/exposition\/seu\/expo-actuelle\">the UNIGE gallery<\/a>, where we give guided tours of every single exhibition.[\/vc_column_text]<\/div><\/div><\/div><div class=\"vc_column_inner vc_custom_1511627487486 tdi_28  wpb_column vc_column_container tdc-inner-column td-pb-span4\">\n<style scoped>\n\/* custom css - generated by TagDiv Composer *\/\n\n\/* tdc_composer_block - inline css att *\/\n.vc_custom_1511627487486{padding-top: 20px !important;padding-right: 20px !important;padding-bottom: 20px !important;padding-left: 20px !important;background-color: #efefef !important;}\n\/* custom css - generated by TagDiv Composer *\/\n.tdi_28{\r\n                    vertical-align: baseline;\r\n                }.tdi_28 .vc_column-inner > .wpb_wrapper,\r\n\t\t\t\t.tdi_28 .vc_column-inner > .wpb_wrapper .tdc-elements{\r\n\t\t\t\t    display: block;\r\n\t\t\t\t}.tdi_28 .vc_column-inner > .wpb_wrapper .tdc-elements{\r\n\t\t\t\t    width: 100%;\r\n\t\t\t\t}\n<\/style><div class=\"vc_column-inner\"><div class=\"wpb_wrapper\" >[vc_column_text]\r\n<ul>\r\n \t<li><a href=\"http:\/\/www.fondationpierrearnaud.ch\/fr\/100\/homepage\">Fondation Arnaud<\/a><\/li>\r\n \t<li><a href=\"http:\/\/gianadda.ch\/\">Fondation Gianadda<\/a><\/li>\r\n \t<li><a href=\"http:\/\/www.ville-ge.ch\/meg\/index.php\">Mus\u00e9e d\u2019ethnographie de Gen\u00e8ve<\/a><\/li>\r\n \t<li><a href=\"http:\/\/www.redcrossmuseum.ch\/\">Mus\u00e9e international de la Croix-Rouge<\/a><\/li>\r\n \t<li><a href=\"http:\/\/institutions.ville-geneve.ch\/fr\/mah\/\">Mus\u00e9e d\u2019art et d\u2019histoire<\/a><\/li>\r\n<\/ul>\r\n[\/vc_column_text]<\/div><\/div><\/div><\/div>[\/vc_tta_section][\/vc_tta_tour]<\/div><\/div><\/div><\/div><\/div>","protected":false},"excerpt":{"rendered":"[vc_column_text] CULTURAL ACTIVITIES [\/vc_column_text][vc_tta_tour][vc_tta_section title=\"CULTURAL PARTNERSHIPS\" tab_id=\"1511705992815-8c6930b9-e857\"][vc_single_image image=\"1191\" img_size=\"full\" alignment=\"center\" css_animation=\"fadeIn\"] [vc_column_text] Invitations to and discounts on major cultural events We can offer you invitations, discounts and even half-price membership for some of the most prestigious cultural institutions in and around Geneva. Our partners include: Th\u00e9\u00e2tre de Carouge, Com\u00e9die de Gen\u00e8ve, Musika, and a number [...]","protected":false},"author":3,"featured_media":0,"parent":0,"menu_order":0,"comment_status":"closed","ping_status":"closed","template":"","meta":{"_acf_changed":false,"footnotes":""},"class_list":["post-1601","page","type-page","status-publish","hentry"],"acf":[],"yoast_head":"<!-- This site is optimized with the Yoast SEO plugin v27.3 - https:\/\/yoast.com\/product\/yoast-seo-wordpress\/ -->\n<title>Cultural activities - ALUMNI - UNIGE<\/title>\n<meta name=\"robots\" content=\"index, follow, max-snippet:-1, max-image-preview:large, max-video-preview:-1\" \/>\n<link rel=\"canonical\" href=\"https:\/\/alumniunige.ch\/en\/cultural-activities\/\" \/>\n<meta property=\"og:locale\" content=\"en_US\" \/>\n<meta property=\"og:type\" content=\"article\" \/>\n<meta property=\"og:title\" content=\"Cultural activities - ALUMNI - UNIGE\" \/>\n<meta property=\"og:url\" content=\"https:\/\/alumniunige.ch\/en\/cultural-activities\/\" \/>\n<meta property=\"og:site_name\" content=\"ALUMNI - UNIGE\" \/>\n<meta property=\"article:modified_time\" content=\"2023-11-17T14:27:53+00:00\" \/>\n<meta name=\"twitter:card\" content=\"summary_large_image\" \/>\n<meta name=\"twitter:label1\" content=\"Est. reading time\" \/>\n\t<meta name=\"twitter:data1\" content=\"4 minutes\" \/>\n<script type=\"application\/ld+json\" class=\"yoast-schema-graph\">{\"@context\":\"https:\\\/\\\/schema.org\",\"@graph\":[{\"@type\":\"WebPage\",\"@id\":\"https:\\\/\\\/alumniunige.ch\\\/en\\\/cultural-activities\\\/\",\"url\":\"https:\\\/\\\/alumniunige.ch\\\/en\\\/cultural-activities\\\/\",\"name\":\"Cultural activities - ALUMNI - UNIGE\",\"isPartOf\":{\"@id\":\"https:\\\/\\\/alumniunige.ch\\\/#website\"},\"datePublished\":\"2018-04-18T14:54:48+00:00\",\"dateModified\":\"2023-11-17T14:27:53+00:00\",\"breadcrumb\":{\"@id\":\"https:\\\/\\\/alumniunige.ch\\\/en\\\/cultural-activities\\\/#breadcrumb\"},\"inLanguage\":\"en-US\",\"potentialAction\":[{\"@type\":\"ReadAction\",\"target\":[\"https:\\\/\\\/alumniunige.ch\\\/en\\\/cultural-activities\\\/\"]}]},{\"@type\":\"BreadcrumbList\",\"@id\":\"https:\\\/\\\/alumniunige.ch\\\/en\\\/cultural-activities\\\/#breadcrumb\",\"itemListElement\":[{\"@type\":\"ListItem\",\"position\":1,\"name\":\"Startseite\",\"item\":\"https:\\\/\\\/alumniunige.ch\\\/en\\\/\"},{\"@type\":\"ListItem\",\"position\":2,\"name\":\"Cultural activities\"}]},{\"@type\":\"WebSite\",\"@id\":\"https:\\\/\\\/alumniunige.ch\\\/#website\",\"url\":\"https:\\\/\\\/alumniunige.ch\\\/\",\"name\":\"ALUMNI - UNIGE\",\"description\":\"Universit\u00e9 de Gen\u00e8ve\",\"potentialAction\":[{\"@type\":\"SearchAction\",\"target\":{\"@type\":\"EntryPoint\",\"urlTemplate\":\"https:\\\/\\\/alumniunige.ch\\\/?s={search_term_string}\"},\"query-input\":{\"@type\":\"PropertyValueSpecification\",\"valueRequired\":true,\"valueName\":\"search_term_string\"}}],\"inLanguage\":\"en-US\"}]}<\/script>\n<!-- \/ Yoast SEO plugin. -->","yoast_head_json":{"title":"Cultural activities - ALUMNI - UNIGE","robots":{"index":"index","follow":"follow","max-snippet":"max-snippet:-1","max-image-preview":"max-image-preview:large","max-video-preview":"max-video-preview:-1"},"canonical":"https:\/\/alumniunige.ch\/en\/cultural-activities\/","og_locale":"en_US","og_type":"article","og_title":"Cultural activities - ALUMNI - UNIGE","og_url":"https:\/\/alumniunige.ch\/en\/cultural-activities\/","og_site_name":"ALUMNI - UNIGE","article_modified_time":"2023-11-17T14:27:53+00:00","twitter_card":"summary_large_image","twitter_misc":{"Est. reading time":"4 minutes"},"schema":{"@context":"https:\/\/schema.org","@graph":[{"@type":"WebPage","@id":"https:\/\/alumniunige.ch\/en\/cultural-activities\/","url":"https:\/\/alumniunige.ch\/en\/cultural-activities\/","name":"Cultural activities - ALUMNI - UNIGE","isPartOf":{"@id":"https:\/\/alumniunige.ch\/#website"},"datePublished":"2018-04-18T14:54:48+00:00","dateModified":"2023-11-17T14:27:53+00:00","breadcrumb":{"@id":"https:\/\/alumniunige.ch\/en\/cultural-activities\/#breadcrumb"},"inLanguage":"en-US","potentialAction":[{"@type":"ReadAction","target":["https:\/\/alumniunige.ch\/en\/cultural-activities\/"]}]},{"@type":"BreadcrumbList","@id":"https:\/\/alumniunige.ch\/en\/cultural-activities\/#breadcrumb","itemListElement":[{"@type":"ListItem","position":1,"name":"Startseite","item":"https:\/\/alumniunige.ch\/en\/"},{"@type":"ListItem","position":2,"name":"Cultural activities"}]},{"@type":"WebSite","@id":"https:\/\/alumniunige.ch\/#website","url":"https:\/\/alumniunige.ch\/","name":"ALUMNI - UNIGE","description":"Universit\u00e9 de Gen\u00e8ve","potentialAction":[{"@type":"SearchAction","target":{"@type":"EntryPoint","urlTemplate":"https:\/\/alumniunige.ch\/?s={search_term_string}"},"query-input":{"@type":"PropertyValueSpecification","valueRequired":true,"valueName":"search_term_string"}}],"inLanguage":"en-US"}]}},"_links":{"self":[{"href":"https:\/\/alumniunige.ch\/en\/wp-json\/wp\/v2\/pages\/1601","targetHints":{"allow":["GET"]}}],"collection":[{"href":"https:\/\/alumniunige.ch\/en\/wp-json\/wp\/v2\/pages"}],"about":[{"href":"https:\/\/alumniunige.ch\/en\/wp-json\/wp\/v2\/types\/page"}],"author":[{"embeddable":true,"href":"https:\/\/alumniunige.ch\/en\/wp-json\/wp\/v2\/users\/3"}],"replies":[{"embeddable":true,"href":"https:\/\/alumniunige.ch\/en\/wp-json\/wp\/v2\/comments?post=1601"}],"version-history":[{"count":23,"href":"https:\/\/alumniunige.ch\/en\/wp-json\/wp\/v2\/pages\/1601\/revisions"}],"predecessor-version":[{"id":157175,"href":"https:\/\/alumniunige.ch\/en\/wp-json\/wp\/v2\/pages\/1601\/revisions\/157175"}],"wp:attachment":[{"href":"https:\/\/alumniunige.ch\/en\/wp-json\/wp\/v2\/media?parent=1601"}],"curies":[{"name":"wp","href":"https:\/\/api.w.org\/{rel}","templated":true}]}}