{"id":157236,"date":"2024-03-05T10:03:58","date_gmt":"2024-03-05T09:03:58","guid":{"rendered":"https:\/\/alumniunige.ch\/?page_id=157236"},"modified":"2024-03-19T13:26:19","modified_gmt":"2024-03-19T12:26:19","slug":"join-us-2","status":"publish","type":"page","link":"https:\/\/alumniunige.ch\/en\/join-us-2\/","title":{"rendered":"Join"},"content":{"rendered":"<div class=\"wpb-content-wrapper\"><div id=\"tdi_1\" class=\"tdc-row stretch_row\"><div class=\"vc_row vc_custom_1511613119705 tdi_2  wpb_row td-pb-row\" >\n<style scoped>\n\/* custom css - generated by TagDiv Composer *\/\n\n\/* tdc_composer_block - inline css att *\/\n.vc_custom_1511613119705{background-position: center !important;background-repeat: no-repeat !important;background-size: cover !important;}\n\/* custom css - generated by TagDiv Composer *\/\n.tdi_2,\r\n                .tdi_2 .tdc-columns{\r\n                    min-height: 0;\r\n                }.tdi_2,\r\n\t\t\t\t.tdi_2 .tdc-columns{\r\n\t\t\t\t    display: block;\r\n\t\t\t\t}.tdi_2 .tdc-columns{\r\n\t\t\t\t    width: 100%;\r\n\t\t\t\t}.tdi_2:before,\r\n\t\t\t\t.tdi_2:after{\r\n\t\t\t\t    display: table;\r\n\t\t\t\t}\n<\/style><div class=\"vc_column tdi_4  wpb_column vc_column_container tdc-column td-pb-span12\">\n<style scoped>\n\/* custom css - generated by TagDiv Composer *\/\n\n\/* custom css - generated by TagDiv Composer *\/\n.tdi_4{\r\n                    vertical-align: baseline;\r\n                }.tdi_4 > .wpb_wrapper,\r\n\t\t\t\t.tdi_4 > .wpb_wrapper > .tdc-elements{\r\n\t\t\t\t    display: block;\r\n\t\t\t\t}.tdi_4 > .wpb_wrapper > .tdc-elements{\r\n\t\t\t\t    width: 100%;\r\n\t\t\t\t}.tdi_4 > .wpb_wrapper > .vc_row_inner{\r\n\t\t\t\t    width: auto;\r\n\t\t\t\t}.tdi_4 > .wpb_wrapper{\r\n\t\t\t\t    width: auto;\r\n\t\t\t\t    height: auto;\r\n\t\t\t\t}\n<\/style><div class=\"wpb_wrapper\" >[vc_column_text]\r\n<h1>JOIN<\/h1>\r\n[\/vc_column_text][vc_tta_tour active_section=&#8221;1&#8243;][vc_tta_section title=&#8221;BECOME A MEMBER&#8221; tab_id=&#8221;devenir-membre&#8221;]<div class=\"vc_row_inner vc_custom_1511615022634 tdi_6  vc_row vc_inner wpb_row td-pb-row\" >\n<style scoped>\n\/* custom css - generated by TagDiv Composer *\/\n\n\/* tdc_composer_block - inline css att *\/\n.vc_custom_1511615022634{padding-right: 30px !important;padding-bottom: 20px !important;padding-left: 30px !important;background-position: center !important;background-repeat: no-repeat !important;background-size: cover !important;}\n\/* custom css - generated by TagDiv Composer *\/\n.tdi_6{\r\n                    position: relative !important;\r\n                    top: 0;\r\n                    transform: none;\r\n                    -webkit-transform: none;\r\n                }.tdi_6,\r\n\t\t\t\t.tdi_6 .tdc-inner-columns{\r\n\t\t\t\t    display: block;\r\n\t\t\t\t}.tdi_6 .tdc-inner-columns{\r\n\t\t\t\t    width: 100%;\r\n\t\t\t\t}@media (min-width: 768px) {\r\n\t                .tdi_6 {\r\n\t                    margin-left: -10px;\r\n\t                    margin-right: -10px;\r\n\t                }\r\n\t                .tdi_6 > .vc_column_inner,\r\n\t                .tdi_6 > .tdc-inner-columns > .vc_column_inner {\r\n\t                    padding-left: 10px;\r\n\t                    padding-right: 10px;\r\n\t                }\r\n                }\n<\/style><div class=\"vc_column_inner tdi_8  wpb_column vc_column_container tdc-inner-column td-pb-span8\">\n<style scoped>\n\/* custom css - generated by TagDiv Composer *\/\n\n\/* custom css - generated by TagDiv Composer *\/\n.tdi_8{\r\n                    vertical-align: baseline;\r\n                }.tdi_8 .vc_column-inner > .wpb_wrapper,\r\n\t\t\t\t.tdi_8 .vc_column-inner > .wpb_wrapper .tdc-elements{\r\n\t\t\t\t    display: block;\r\n\t\t\t\t}.tdi_8 .vc_column-inner > .wpb_wrapper .tdc-elements{\r\n\t\t\t\t    width: 100%;\r\n\t\t\t\t}\n<\/style><div class=\"vc_column-inner\"><div class=\"wpb_wrapper\" >[vc_column_text]\r\n<h4><strong>Become a member of UNIGE Alumni\r\n<\/strong><\/h4>\r\nAre you a former student of the University of Geneva, where you experienced unforgettable moments? Does the university hold strong memories for you? Would you like to maintain a connection with the university?\r\n\r\nAll graduates of the University of Geneva can become members of our association, provided that they are no longer enrolled at the university and have obtained a bachelor&#8217;s degree, master&#8217;s degree, advanced master&#8217;s degree, doctorate or a diploma certifying continuing education with at least <strong>30 ECTS credits<\/strong>.\r\nNote that alumni from the Graduate Institute of International and Development Studies (IHEID) are also welcome.\r\n\r\nThe membership fee is <strong>CHF 50 per year<\/strong>.\r\nGraduates living <strong>abroad<\/strong> (with the exception of neighboring France) and <strong>young graduates<\/strong> from the previous year are <strong>exempt from the membership fee<\/strong>.\r\n<h4><strong>Formulaire\u00a0<\/strong><\/h4>\r\n<ul class=\"type1\">\r\n \t<li><strong>Please make sure you have spelled your email address correctly<\/strong>, as we won\u2019t be able to sign you up and send you information without it.<\/li>\r\n \t<li>We don\u2019t accept <strong>@etu.unige.ch<\/strong> email addresses.<\/li>\r\n \t<li>If your <strong>first or last name has changed since you graduated<\/strong>, please indicate your name at the time of graduation under \u201cbirth name\u201d.<\/li>\r\n<\/ul>\r\n[\/vc_column_text][vc_column_text]<iframe loading=\"lazy\" src=\"https:\/\/alumniunige.ch\/portal\/enregistrement\" width=\"655\" height=\"1000\" frameborder=\"0\" scrolling=\"auto\">Paragraphe&lt;!&#8212;-&gt;<\/iframe>[\/vc_column_text]<\/div><\/div><\/div><div class=\"vc_column_inner vc_custom_1511710308752 tdi_10  wpb_column vc_column_container tdc-inner-column td-pb-span4\">\n<style scoped>\n\/* custom css - generated by TagDiv Composer *\/\n\n\/* tdc_composer_block - inline css att *\/\n.vc_custom_1511710308752{background-position: 0 0 !important;background-repeat: repeat !important;}\n\/* custom css - generated by TagDiv Composer *\/\n.tdi_10{\r\n                    vertical-align: baseline;\r\n                }.tdi_10 .vc_column-inner > .wpb_wrapper,\r\n\t\t\t\t.tdi_10 .vc_column-inner > .wpb_wrapper .tdc-elements{\r\n\t\t\t\t    display: block;\r\n\t\t\t\t}.tdi_10 .vc_column-inner > .wpb_wrapper .tdc-elements{\r\n\t\t\t\t    width: 100%;\r\n\t\t\t\t}\n<\/style><div class=\"vc_column-inner\"><div class=\"wpb_wrapper\" >[vc_column_text]\r\n<h4><strong>Preferential rates\r\n<\/strong><\/h4>\r\nOn top of the UNIGE and Alumni services you get access to, you can also enjoy preferential rates on a range of third-party products and services.[\/vc_column_text][vc_btn title=&#8221;Discover&#8221; style=&#8221;custom&#8221; custom_background=&#8221;#cf0063&#8243; custom_text=&#8221;#ffffff&#8221; link=&#8221;url:https%3A%2F%2Falumniunige.ch%2Favantages%2F&#8221;]<div class=\"wpb_wrapper td_block_empty_space td_block_wrap vc_empty_space tdi_12 \"  style=\"height: 50px\"><\/div>[vc_column_text]\r\n<h4><strong>Become an Associate Member\r\n<\/strong><\/h4>\r\nIf you do not meet the criteria for ordinary membership but have a keen interest in our Association and the University of Geneva, you can submit a written application to become an Associate Member of Alumni UNIGE. Former or current <strong>teaching staff<\/strong>, as well as <strong>exchange students<\/strong>, may be admitted as associate members. Please note that all applications will be subject to the approval of the Executive Committee.[\/vc_column_text][vc_btn title=&#8221;Become an Associate Member&#8221; style=&#8221;custom&#8221; custom_background=&#8221;#cf0063&#8243; custom_text=&#8221;#ffffff&#8221; link=&#8221;url:mailto%3Aalumni%40unige.ch%3Fsubject%3DDemande%20pour%20devenir%20membre%20associ%C3%A9&#8243;]<\/div><\/div><\/div><\/div>[\/vc_tta_section][vc_tta_section title=&#8221;COTISATIONS&#8221; tab_id=&#8221;cotisations&#8221;]<div class=\"vc_row_inner vc_custom_1511615022634 tdi_14  vc_row vc_inner wpb_row td-pb-row\" >\n<style scoped>\n\/* custom css - generated by TagDiv Composer *\/\n\n\/* tdc_composer_block - inline css att *\/\n.vc_custom_1511615022634{padding-right: 30px !important;padding-bottom: 20px !important;padding-left: 30px !important;background-position: center !important;background-repeat: no-repeat !important;background-size: cover !important;}\n\/* custom css - generated by TagDiv Composer *\/\n.tdi_14{\r\n                    position: relative !important;\r\n                    top: 0;\r\n                    transform: none;\r\n                    -webkit-transform: none;\r\n                }.tdi_14,\r\n\t\t\t\t.tdi_14 .tdc-inner-columns{\r\n\t\t\t\t    display: block;\r\n\t\t\t\t}.tdi_14 .tdc-inner-columns{\r\n\t\t\t\t    width: 100%;\r\n\t\t\t\t}@media (min-width: 768px) {\r\n\t                .tdi_14 {\r\n\t                    margin-left: -10px;\r\n\t                    margin-right: -10px;\r\n\t                }\r\n\t                .tdi_14 > .vc_column_inner,\r\n\t                .tdi_14 > .tdc-inner-columns > .vc_column_inner {\r\n\t                    padding-left: 10px;\r\n\t                    padding-right: 10px;\r\n\t                }\r\n                }\n<\/style><div class=\"vc_column_inner tdi_16  wpb_column vc_column_container tdc-inner-column td-pb-span8\">\n<style scoped>\n\/* custom css - generated by TagDiv Composer *\/\n\n\/* custom css - generated by TagDiv Composer *\/\n.tdi_16{\r\n                    vertical-align: baseline;\r\n                }.tdi_16 .vc_column-inner > .wpb_wrapper,\r\n\t\t\t\t.tdi_16 .vc_column-inner > .wpb_wrapper .tdc-elements{\r\n\t\t\t\t    display: block;\r\n\t\t\t\t}.tdi_16 .vc_column-inner > .wpb_wrapper .tdc-elements{\r\n\t\t\t\t    width: 100%;\r\n\t\t\t\t}\n<\/style><div class=\"vc_column-inner\"><div class=\"wpb_wrapper\" >[vc_column_text]\r\n<h4 class=\"o-Title--h3 u-mt0\"><strong>Cotisations<\/strong><\/h4>\r\nLa cotisation s\u2019\u00e9l\u00e8ve \u00e0\u00a0<strong>Fr. 50.- par ann\u00e9e civile<\/strong>.<strong>\r\n<\/strong>\r\n\r\nSont\u00a0<strong>exempt\u00e9s de cotisations<\/strong> : les dipl\u00f4m\u00e9-es r\u00e9sidant \u00e0 l\u2019<strong>\u00e9tranger<\/strong> (hors France voisine) et les <strong>jeunes dipl\u00f4m\u00e9-es<\/strong> de l\u2019ann\u00e9e pr\u00e9c\u00e9dente.\r\n<h4 class=\"o-Title--h3 u-mt0\"><strong>Votre soutien est pr\u00e9cieux\r\n<\/strong><\/h4>\r\nSi elle est \u00e9troitement li\u00e9e \u00e0 l\u2019Universit\u00e9 de Gen\u00e8ve qui lui apporte un soutien cons\u00e9quent, Alumni UNIGE est une association priv\u00e9e \u00e0 but non-lucratif qui doit g\u00e9n\u00e9rer ses propres sources de financement pour assurer sa p\u00e9rennit\u00e9. C\u2019est pour cette raison que notre Assembl\u00e9e g\u00e9n\u00e9rale a d\u00e9cid\u00e9, en 2009, de pr\u00e9lever de cotisations. Merci donc de votre pr\u00e9cieux soutien.\r\n<h4 class=\"o-Title--h3 u-mt0\"><strong>Facturation<\/strong><\/h4>\r\nLes factures pour les cotisations vous parviennent par e-mail, en janvier.\r\n\r\nNos coordonn\u00e9es bancaires sont les suivantes\u00a0:\r\n<strong>Banque Cantonale de Gen\u00e8ve, Quai de l\u2019\u00cele 17, CP 2251, 1211 Gen\u00e8ve 2, Suisse<\/strong><strong>\r\n<\/strong>CH97 0078 8000 0501 6941 8 \/ SWIFT-BIC : BEFRCH22[\/vc_column_text]<\/div><\/div><\/div><div class=\"vc_column_inner vc_custom_1511615233950 tdi_18  wpb_column vc_column_container tdc-inner-column td-pb-span4\">\n<style scoped>\n\/* custom css - generated by TagDiv Composer *\/\n\n\/* tdc_composer_block - inline css att *\/\n.vc_custom_1511615233950{padding-top: 20px !important;padding-right: 20px !important;padding-bottom: 20px !important;padding-left: 20px !important;background-color: #e8e8e8 !important;background-position: 0 0 !important;background-repeat: repeat !important;}\n\/* custom css - generated by TagDiv Composer *\/\n.tdi_18{\r\n                    vertical-align: baseline;\r\n                }.tdi_18 .vc_column-inner > .wpb_wrapper,\r\n\t\t\t\t.tdi_18 .vc_column-inner > .wpb_wrapper .tdc-elements{\r\n\t\t\t\t    display: block;\r\n\t\t\t\t}.tdi_18 .vc_column-inner > .wpb_wrapper .tdc-elements{\r\n\t\t\t\t    width: 100%;\r\n\t\t\t\t}\n<\/style><div class=\"vc_column-inner\"><div class=\"wpb_wrapper\" ><div class=\"wpb_wrapper td_block_empty_space td_block_wrap vc_empty_space tdi_20 \"  style=\"height: 50px\"><\/div>[vc_column_text]<strong>Montant des cotisations\r\n<\/strong>Fr. 50.- par ann\u00e9e\r\nFr. 1000.- cotisation \u00e0 vie\r\n\r\n<strong>Nouveaux diplom\u00e9-es\r\n<\/strong>La premi\u00e8re ann\u00e9e de cotisation est offerte. \u00c0 titre d&#8217;exemple, les dipl\u00f4m\u00e9-es 2024 ne paient pas de cotisation pour 2025.\r\n\r\n<strong>Mode de paiement accept\u00e9\r\n<\/strong>e-banking\r\n\r\n<strong>Questions\r\n<\/strong>Consulter la page des <a href=\"https:\/\/alumniunige.ch\/aide\/\">FAQ<\/a>\r\nNous contacter : <a href=\"mailto:alumni@unige.ch\"><span class=\"obfuscated_link_text\">alumni@unige.ch<\/span><\/a>[\/vc_column_text]<\/div><\/div><\/div><\/div>[\/vc_tta_section][\/vc_tta_tour]<\/div><\/div><\/div><\/div><\/div>","protected":false},"excerpt":{"rendered":"[vc_column_text] JOIN [\/vc_column_text][vc_tta_tour active_section=\"1\"][vc_tta_section title=\"BECOME A MEMBER\" tab_id=\"devenir-membre\"] [vc_column_text] Become a member of UNIGE Alumni Are you a former student of the University of Geneva, where you experienced unforgettable moments? Does the university hold strong memories for you? Would you like to maintain a connection with the university? All graduates of the University of Geneva [...]","protected":false},"author":4,"featured_media":0,"parent":0,"menu_order":0,"comment_status":"closed","ping_status":"closed","template":"","meta":{"_acf_changed":false,"footnotes":""},"class_list":["post-157236","page","type-page","status-publish","hentry"],"acf":[],"yoast_head":"<!-- This site is optimized with the Yoast SEO plugin v27.5 - https:\/\/yoast.com\/product\/yoast-seo-wordpress\/ -->\n<title>Join - ALUMNI - UNIGE<\/title>\n<meta name=\"robots\" content=\"index, follow, max-snippet:-1, max-image-preview:large, max-video-preview:-1\" \/>\n<link rel=\"canonical\" href=\"https:\/\/alumniunige.ch\/en\/join-us-2\/\" \/>\n<meta property=\"og:locale\" content=\"en_US\" \/>\n<meta property=\"og:type\" content=\"article\" \/>\n<meta property=\"og:title\" content=\"Join - ALUMNI - UNIGE\" \/>\n<meta property=\"og:url\" content=\"https:\/\/alumniunige.ch\/en\/join-us-2\/\" \/>\n<meta property=\"og:site_name\" content=\"ALUMNI - UNIGE\" \/>\n<meta property=\"article:modified_time\" content=\"2024-03-19T12:26:19+00:00\" \/>\n<meta name=\"twitter:card\" content=\"summary_large_image\" \/>\n<meta name=\"twitter:label1\" content=\"Est. reading time\" \/>\n\t<meta name=\"twitter:data1\" content=\"3 minutes\" \/>\n<script type=\"application\/ld+json\" class=\"yoast-schema-graph\">{\"@context\":\"https:\\\/\\\/schema.org\",\"@graph\":[{\"@type\":\"WebPage\",\"@id\":\"https:\\\/\\\/alumniunige.ch\\\/en\\\/join-us-2\\\/\",\"url\":\"https:\\\/\\\/alumniunige.ch\\\/en\\\/join-us-2\\\/\",\"name\":\"Join - ALUMNI - UNIGE\",\"isPartOf\":{\"@id\":\"https:\\\/\\\/alumniunige.ch\\\/#website\"},\"datePublished\":\"2024-03-05T09:03:58+00:00\",\"dateModified\":\"2024-03-19T12:26:19+00:00\",\"breadcrumb\":{\"@id\":\"https:\\\/\\\/alumniunige.ch\\\/en\\\/join-us-2\\\/#breadcrumb\"},\"inLanguage\":\"en-US\",\"potentialAction\":[{\"@type\":\"ReadAction\",\"target\":[\"https:\\\/\\\/alumniunige.ch\\\/en\\\/join-us-2\\\/\"]}]},{\"@type\":\"BreadcrumbList\",\"@id\":\"https:\\\/\\\/alumniunige.ch\\\/en\\\/join-us-2\\\/#breadcrumb\",\"itemListElement\":[{\"@type\":\"ListItem\",\"position\":1,\"name\":\"Startseite\",\"item\":\"https:\\\/\\\/alumniunige.ch\\\/en\\\/\"},{\"@type\":\"ListItem\",\"position\":2,\"name\":\"Join\"}]},{\"@type\":\"WebSite\",\"@id\":\"https:\\\/\\\/alumniunige.ch\\\/#website\",\"url\":\"https:\\\/\\\/alumniunige.ch\\\/\",\"name\":\"ALUMNI - UNIGE\",\"description\":\"Universit\u00e9 de Gen\u00e8ve\",\"potentialAction\":[{\"@type\":\"SearchAction\",\"target\":{\"@type\":\"EntryPoint\",\"urlTemplate\":\"https:\\\/\\\/alumniunige.ch\\\/?s={search_term_string}\"},\"query-input\":{\"@type\":\"PropertyValueSpecification\",\"valueRequired\":true,\"valueName\":\"search_term_string\"}}],\"inLanguage\":\"en-US\"}]}<\/script>\n<!-- \/ Yoast SEO plugin. -->","yoast_head_json":{"title":"Join - ALUMNI - UNIGE","robots":{"index":"index","follow":"follow","max-snippet":"max-snippet:-1","max-image-preview":"max-image-preview:large","max-video-preview":"max-video-preview:-1"},"canonical":"https:\/\/alumniunige.ch\/en\/join-us-2\/","og_locale":"en_US","og_type":"article","og_title":"Join - ALUMNI - UNIGE","og_url":"https:\/\/alumniunige.ch\/en\/join-us-2\/","og_site_name":"ALUMNI - UNIGE","article_modified_time":"2024-03-19T12:26:19+00:00","twitter_card":"summary_large_image","twitter_misc":{"Est. reading time":"3 minutes"},"schema":{"@context":"https:\/\/schema.org","@graph":[{"@type":"WebPage","@id":"https:\/\/alumniunige.ch\/en\/join-us-2\/","url":"https:\/\/alumniunige.ch\/en\/join-us-2\/","name":"Join - ALUMNI - UNIGE","isPartOf":{"@id":"https:\/\/alumniunige.ch\/#website"},"datePublished":"2024-03-05T09:03:58+00:00","dateModified":"2024-03-19T12:26:19+00:00","breadcrumb":{"@id":"https:\/\/alumniunige.ch\/en\/join-us-2\/#breadcrumb"},"inLanguage":"en-US","potentialAction":[{"@type":"ReadAction","target":["https:\/\/alumniunige.ch\/en\/join-us-2\/"]}]},{"@type":"BreadcrumbList","@id":"https:\/\/alumniunige.ch\/en\/join-us-2\/#breadcrumb","itemListElement":[{"@type":"ListItem","position":1,"name":"Startseite","item":"https:\/\/alumniunige.ch\/en\/"},{"@type":"ListItem","position":2,"name":"Join"}]},{"@type":"WebSite","@id":"https:\/\/alumniunige.ch\/#website","url":"https:\/\/alumniunige.ch\/","name":"ALUMNI - UNIGE","description":"Universit\u00e9 de Gen\u00e8ve","potentialAction":[{"@type":"SearchAction","target":{"@type":"EntryPoint","urlTemplate":"https:\/\/alumniunige.ch\/?s={search_term_string}"},"query-input":{"@type":"PropertyValueSpecification","valueRequired":true,"valueName":"search_term_string"}}],"inLanguage":"en-US"}]}},"_links":{"self":[{"href":"https:\/\/alumniunige.ch\/en\/wp-json\/wp\/v2\/pages\/157236","targetHints":{"allow":["GET"]}}],"collection":[{"href":"https:\/\/alumniunige.ch\/en\/wp-json\/wp\/v2\/pages"}],"about":[{"href":"https:\/\/alumniunige.ch\/en\/wp-json\/wp\/v2\/types\/page"}],"author":[{"embeddable":true,"href":"https:\/\/alumniunige.ch\/en\/wp-json\/wp\/v2\/users\/4"}],"replies":[{"embeddable":true,"href":"https:\/\/alumniunige.ch\/en\/wp-json\/wp\/v2\/comments?post=157236"}],"version-history":[{"count":6,"href":"https:\/\/alumniunige.ch\/en\/wp-json\/wp\/v2\/pages\/157236\/revisions"}],"predecessor-version":[{"id":157399,"href":"https:\/\/alumniunige.ch\/en\/wp-json\/wp\/v2\/pages\/157236\/revisions\/157399"}],"wp:attachment":[{"href":"https:\/\/alumniunige.ch\/en\/wp-json\/wp\/v2\/media?parent=157236"}],"curies":[{"name":"wp","href":"https:\/\/api.w.org\/{rel}","templated":true}]}}