{"id":157213,"date":"2024-03-01T15:17:30","date_gmt":"2024-03-01T14:17:30","guid":{"rendered":"https:\/\/alumniunige.ch\/?page_id=157213"},"modified":"2024-03-01T15:17:49","modified_gmt":"2024-03-01T14:17:49","slug":"157213-2","status":"publish","type":"page","link":"https:\/\/alumniunige.ch\/en\/register","title":{"rendered":"REGISTER"},"content":{"rendered":"<div class=\"wpb-content-wrapper\"><div id=\"tdi_1\" class=\"tdc-row stretch_row\"><div class=\"vc_row vc_custom_1511613119705 tdi_2  wpb_row td-pb-row\" >\n<style scoped>\n\/* custom css - generated by TagDiv Composer *\/\n\n\/* tdc_composer_block - inline css att *\/\n.vc_custom_1511613119705{background-position: center !important;background-repeat: no-repeat !important;background-size: cover !important;}\n\/* custom css - generated by TagDiv Composer *\/\n.tdi_2,\r\n                .tdi_2 .tdc-columns{\r\n                    min-height: 0;\r\n                }.tdi_2,\r\n\t\t\t\t.tdi_2 .tdc-columns{\r\n\t\t\t\t    display: block;\r\n\t\t\t\t}.tdi_2 .tdc-columns{\r\n\t\t\t\t    width: 100%;\r\n\t\t\t\t}.tdi_2:before,\r\n\t\t\t\t.tdi_2:after{\r\n\t\t\t\t    display: table;\r\n\t\t\t\t}\n<\/style><div class=\"vc_column tdi_4  wpb_column vc_column_container tdc-column td-pb-span12\">\n<style scoped>\n\/* custom css - generated by TagDiv Composer *\/\n\n\/* custom css - generated by TagDiv Composer *\/\n.tdi_4{\r\n                    vertical-align: baseline;\r\n                }.tdi_4 > .wpb_wrapper,\r\n\t\t\t\t.tdi_4 > .wpb_wrapper > .tdc-elements{\r\n\t\t\t\t    display: block;\r\n\t\t\t\t}.tdi_4 > .wpb_wrapper > .tdc-elements{\r\n\t\t\t\t    width: 100%;\r\n\t\t\t\t}.tdi_4 > .wpb_wrapper > .vc_row_inner{\r\n\t\t\t\t    width: auto;\r\n\t\t\t\t}.tdi_4 > .wpb_wrapper{\r\n\t\t\t\t    width: auto;\r\n\t\t\t\t    height: auto;\r\n\t\t\t\t}\n<\/style><div class=\"wpb_wrapper\" >[vc_column_text]\r\n<h1>ADH\u00c9RER<\/h1>\r\n[\/vc_column_text][vc_tta_tour active_section=&#8221;1&#8243;][vc_tta_section title=&#8221;DEVENIR MEMBRE&#8221; tab_id=&#8221;devenir-membre&#8221;]<div class=\"vc_row_inner vc_custom_1511615022634 tdi_6  vc_row vc_inner wpb_row td-pb-row\" >\n<style scoped>\n\/* custom css - generated by TagDiv Composer *\/\n\n\/* tdc_composer_block - inline css att *\/\n.vc_custom_1511615022634{padding-right: 30px !important;padding-bottom: 20px !important;padding-left: 30px !important;background-position: center !important;background-repeat: no-repeat !important;background-size: cover !important;}\n\/* custom css - generated by TagDiv Composer *\/\n.tdi_6{\r\n                    position: relative !important;\r\n                    top: 0;\r\n                    transform: none;\r\n                    -webkit-transform: none;\r\n                }.tdi_6,\r\n\t\t\t\t.tdi_6 .tdc-inner-columns{\r\n\t\t\t\t    display: block;\r\n\t\t\t\t}.tdi_6 .tdc-inner-columns{\r\n\t\t\t\t    width: 100%;\r\n\t\t\t\t}@media (min-width: 768px) {\r\n\t                .tdi_6 {\r\n\t                    margin-left: -10px;\r\n\t                    margin-right: -10px;\r\n\t                }\r\n\t                .tdi_6 > .vc_column_inner,\r\n\t                .tdi_6 > .tdc-inner-columns > .vc_column_inner {\r\n\t                    padding-left: 10px;\r\n\t                    padding-right: 10px;\r\n\t                }\r\n                }\n<\/style><div class=\"vc_column_inner tdi_8  wpb_column vc_column_container tdc-inner-column td-pb-span8\">\n<style scoped>\n\/* custom css - generated by TagDiv Composer *\/\n\n\/* custom css - generated by TagDiv Composer *\/\n.tdi_8{\r\n                    vertical-align: baseline;\r\n                }.tdi_8 .vc_column-inner > .wpb_wrapper,\r\n\t\t\t\t.tdi_8 .vc_column-inner > .wpb_wrapper .tdc-elements{\r\n\t\t\t\t    display: block;\r\n\t\t\t\t}.tdi_8 .vc_column-inner > .wpb_wrapper .tdc-elements{\r\n\t\t\t\t    width: 100%;\r\n\t\t\t\t}\n<\/style><div class=\"vc_column-inner\"><div class=\"wpb_wrapper\" >[vc_column_text]\r\n<h4><strong>Devenir membre d&#8217;Alumni UNIGE\r\n<\/strong><\/h4>\r\nVous \u00eates un-e ancien-ne \u00e9tudiant-e de l\u2019UNIGE, o\u00f9 vous avez connu des moments inoubliables\u00a0? L\u2019UNIGE repr\u00e9sente un souvenir fort pour vous ? Vous avez envie de garder un lien avec l&#8217;UNIGE?\r\n\r\nToutes les dipl\u00f4m\u00e9es et tous les dipl\u00f4m\u00e9s de l\u2019Universit\u00e9 de Gen\u00e8ve peuvent devenir membre de notre association, \u00e0 condition qu\u2019ils soient exmatricul\u00e9-es de l\u2019UNIGE et qu\u2019ils y aient obtenu un titre de baccalaur\u00e9at, ma\u00eetrise, ma\u00eetrise d\u2019\u00e9tudes avanc\u00e9es, doctorat ou dipl\u00f4me certifiant de la formation continue avec au moins <strong>30 cr\u00e9dits<\/strong> ECTS.\r\nN.B.: Les dipl\u00f4m\u00e9-es de l&#8217;Institut de Hautes \u00e9tudes internationales et du d\u00e9v\u00e9loppement (IHEID) sont aussi admis.\r\n\r\nLa cotisation s\u2019\u00e9l\u00e8ve \u00e0 <strong>Fr. 50.- par ann\u00e9e<\/strong>.\r\nLes dipl\u00f4m\u00e9-es r\u00e9sidant \u00e0 l\u2019<strong>\u00e9tranger<\/strong> (hors France voisine) et les <strong>jeunes dipl\u00f4m\u00e9-es<\/strong> de l\u2019ann\u00e9e pr\u00e9c\u00e9dente sont <strong>exempt\u00e9-es de cotisation<\/strong>.\r\n<h4><strong>Formulaire\u00a0<\/strong><\/h4>\r\n<ul class=\"type1\">\r\n \t<li><b>Orthographiez correctement votre adresse e-mail<\/b>, sans laquelle nous ne pourrons vous inscrire et communiquer avec vous.<\/li>\r\n \t<li>Les adresses\u00a0<strong>@etu.unige.ch<\/strong>\u00a0ne sont\u00a0pas accept\u00e9es.<\/li>\r\n \t<li>Si votre\u00a0<b>nom ou pr\u00e9nom est diff\u00e9rent de celui que vous portiez lors de l\u2019obtention de votre dipl\u00f4me<\/b>, veuillez l\u2019indiquer dans le champ \u2018Nom de naissance\u2019.<\/li>\r\n \t<li>Indiquez le dernier dipl\u00f4me obtenu \u00e0 l\u2019Universit\u00e9 de Gen\u00e8ve.<\/li>\r\n<\/ul>\r\n[\/vc_column_text][vc_column_text]<iframe loading=\"lazy\" src=\"https:\/\/alumniunige.ch\/portal\/enregistrement\" width=\"655\" height=\"1000\" frameborder=\"0\" scrolling=\"auto\">Paragraphe&lt;!&#8212;-&gt;<\/iframe>[\/vc_column_text]<\/div><\/div><\/div><div class=\"vc_column_inner vc_custom_1511710308752 tdi_10  wpb_column vc_column_container tdc-inner-column td-pb-span4\">\n<style scoped>\n\/* custom css - generated by TagDiv Composer *\/\n\n\/* tdc_composer_block - inline css att *\/\n.vc_custom_1511710308752{background-position: 0 0 !important;background-repeat: repeat !important;}\n\/* custom css - generated by TagDiv Composer *\/\n.tdi_10{\r\n                    vertical-align: baseline;\r\n                }.tdi_10 .vc_column-inner > .wpb_wrapper,\r\n\t\t\t\t.tdi_10 .vc_column-inner > .wpb_wrapper .tdc-elements{\r\n\t\t\t\t    display: block;\r\n\t\t\t\t}.tdi_10 .vc_column-inner > .wpb_wrapper .tdc-elements{\r\n\t\t\t\t    width: 100%;\r\n\t\t\t\t}\n<\/style><div class=\"vc_column-inner\"><div class=\"wpb_wrapper\" >[vc_column_text]\r\n<h4><strong>Des tarifs pr\u00e9f\u00e9rentiels\r\n<\/strong><\/h4>\r\nEn tant que membre d\u2019Alumni UNIGE, vous profitez de nombreux services propres \u00e0 l&#8217;Association ou offerts par l\u2019Universit\u00e9 de Gen\u00e8ve \u00e0 ses \u00e9tudiant-es, auxquels s&#8217;ajoutent des offres de prestataires ext\u00e9rieurs \u00e0 tarifs pr\u00e9f\u00e9rentiels.[\/vc_column_text][vc_btn title=&#8221;D\u00e9couvrir&#8221; style=&#8221;custom&#8221; custom_background=&#8221;#cf0063&#8243; custom_text=&#8221;#ffffff&#8221; link=&#8221;url:https%3A%2F%2Falumniunige.ch%2Favantages%2F&#8221;]<div class=\"wpb_wrapper td_block_empty_space td_block_wrap vc_empty_space tdi_12 \"  style=\"height: 50px\"><\/div>[vc_column_text]\r\n<h4><strong>Devenir membre associ\u00e9\r\n<\/strong><\/h4>\r\nSi vous ne remplissez pas les crit\u00e8res pour devenir membre ordinaire, mais vous avez un int\u00e9r\u00eat particulier pour l\u2019Association et l\u2019Universit\u00e9 de Gen\u00e8ve, vous pouvez soumettre une demande \u00e9crite pour devenir membre associ\u00e9 d&#8217;Alumni UNIGE. Les\r\nmembres anciens ou actuels du <strong>personnel enseignant<\/strong>, ainsi que les\r\n<strong>\u00e9tudiants d\u2019\u00e9change<\/strong>, peuvent notamment \u00eatre admis en tant que membres associ\u00e9s.\r\nVeuillez noter que toute demande sera soumise \u00e0 l&#8217;approbation du Comit\u00e9 ex\u00e9cutif.[\/vc_column_text][vc_btn title=&#8221;Devenir membre associ\u00e9&#8221; style=&#8221;custom&#8221; custom_background=&#8221;#cf0063&#8243; custom_text=&#8221;#ffffff&#8221; link=&#8221;url:mailto%3Aalumni%40unige.ch%3Fsubject%3DDemande%20pour%20devenir%20membre%20associ%C3%A9&#8243;]<\/div><\/div><\/div><\/div>[\/vc_tta_section][vc_tta_section title=&#8221;COTISATIONS&#8221; tab_id=&#8221;cotisations&#8221;]<div class=\"vc_row_inner vc_custom_1511615022634 tdi_14  vc_row vc_inner wpb_row td-pb-row\" >\n<style scoped>\n\/* custom css - generated by TagDiv Composer *\/\n\n\/* tdc_composer_block - inline css att *\/\n.vc_custom_1511615022634{padding-right: 30px !important;padding-bottom: 20px !important;padding-left: 30px !important;background-position: center !important;background-repeat: no-repeat !important;background-size: cover !important;}\n\/* custom css - generated by TagDiv Composer *\/\n.tdi_14{\r\n                    position: relative !important;\r\n                    top: 0;\r\n                    transform: none;\r\n                    -webkit-transform: none;\r\n                }.tdi_14,\r\n\t\t\t\t.tdi_14 .tdc-inner-columns{\r\n\t\t\t\t    display: block;\r\n\t\t\t\t}.tdi_14 .tdc-inner-columns{\r\n\t\t\t\t    width: 100%;\r\n\t\t\t\t}@media (min-width: 768px) {\r\n\t                .tdi_14 {\r\n\t                    margin-left: -10px;\r\n\t                    margin-right: -10px;\r\n\t                }\r\n\t                .tdi_14 > .vc_column_inner,\r\n\t                .tdi_14 > .tdc-inner-columns > .vc_column_inner {\r\n\t                    padding-left: 10px;\r\n\t                    padding-right: 10px;\r\n\t                }\r\n                }\n<\/style><div class=\"vc_column_inner tdi_16  wpb_column vc_column_container tdc-inner-column td-pb-span8\">\n<style scoped>\n\/* custom css - generated by TagDiv Composer *\/\n\n\/* custom css - generated by TagDiv Composer *\/\n.tdi_16{\r\n                    vertical-align: baseline;\r\n                }.tdi_16 .vc_column-inner > .wpb_wrapper,\r\n\t\t\t\t.tdi_16 .vc_column-inner > .wpb_wrapper .tdc-elements{\r\n\t\t\t\t    display: block;\r\n\t\t\t\t}.tdi_16 .vc_column-inner > .wpb_wrapper .tdc-elements{\r\n\t\t\t\t    width: 100%;\r\n\t\t\t\t}\n<\/style><div class=\"vc_column-inner\"><div class=\"wpb_wrapper\" >[vc_column_text]\r\n<h4 class=\"o-Title--h3 u-mt0\"><strong>Cotisations<\/strong><\/h4>\r\nLa cotisation s\u2019\u00e9l\u00e8ve \u00e0\u00a0<strong>Fr. 50.- par ann\u00e9e civile<\/strong>.<strong>\r\n<\/strong>\r\n\r\nSont\u00a0<strong>exempt\u00e9s de cotisations<\/strong> : les dipl\u00f4m\u00e9-es r\u00e9sidant \u00e0 l\u2019<strong>\u00e9tranger<\/strong> (hors France voisine) et les <strong>jeunes dipl\u00f4m\u00e9-es<\/strong> de l\u2019ann\u00e9e pr\u00e9c\u00e9dente.\r\n<h4 class=\"o-Title--h3 u-mt0\"><strong>Votre soutien est pr\u00e9cieux\r\n<\/strong><\/h4>\r\nSi elle est \u00e9troitement li\u00e9e \u00e0 l\u2019Universit\u00e9 de Gen\u00e8ve qui lui apporte un soutien cons\u00e9quent, Alumni UNIGE est une association priv\u00e9e \u00e0 but non-lucratif qui doit g\u00e9n\u00e9rer ses propres sources de financement pour assurer sa p\u00e9rennit\u00e9. C\u2019est pour cette raison que notre Assembl\u00e9e g\u00e9n\u00e9rale a d\u00e9cid\u00e9, en 2009, de pr\u00e9lever de cotisations. Merci donc de votre pr\u00e9cieux soutien.\r\n<h4 class=\"o-Title--h3 u-mt0\"><strong>Facturation<\/strong><\/h4>\r\nLes factures pour les cotisations vous parviennent par e-mail, en janvier.\r\n\r\nNos coordonn\u00e9es bancaires sont les suivantes\u00a0:\r\n<strong>Banque Cantonale de Gen\u00e8ve, Quai de l\u2019\u00cele 17, CP 2251, 1211 Gen\u00e8ve 2, Suisse<\/strong><strong>\r\n<\/strong>CH97 0078 8000 0501 6941 8 \/ SWIFT-BIC : BEFRCH22[\/vc_column_text]<\/div><\/div><\/div><div class=\"vc_column_inner vc_custom_1511615233950 tdi_18  wpb_column vc_column_container tdc-inner-column td-pb-span4\">\n<style scoped>\n\/* custom css - generated by TagDiv Composer *\/\n\n\/* tdc_composer_block - inline css att *\/\n.vc_custom_1511615233950{padding-top: 20px !important;padding-right: 20px !important;padding-bottom: 20px !important;padding-left: 20px !important;background-color: #e8e8e8 !important;background-position: 0 0 !important;background-repeat: repeat !important;}\n\/* custom css - generated by TagDiv Composer *\/\n.tdi_18{\r\n                    vertical-align: baseline;\r\n                }.tdi_18 .vc_column-inner > .wpb_wrapper,\r\n\t\t\t\t.tdi_18 .vc_column-inner > .wpb_wrapper .tdc-elements{\r\n\t\t\t\t    display: block;\r\n\t\t\t\t}.tdi_18 .vc_column-inner > .wpb_wrapper .tdc-elements{\r\n\t\t\t\t    width: 100%;\r\n\t\t\t\t}\n<\/style><div class=\"vc_column-inner\"><div class=\"wpb_wrapper\" ><div class=\"wpb_wrapper td_block_empty_space td_block_wrap vc_empty_space tdi_20 \"  style=\"height: 50px\"><\/div>[vc_column_text]<strong>Montant des cotisations\r\n<\/strong>Fr. 50.- par ann\u00e9e\r\nFr. 1000.- cotisation \u00e0 vie\r\n\r\n<strong>Nouveaux diplom\u00e9-es\r\n<\/strong>La premi\u00e8re ann\u00e9e de cotisation est offerte. \u00c0 titre d&#8217;exemple, les dipl\u00f4m\u00e9-es 2024 ne paient pas de cotisation pour 2025.\r\n\r\n<strong>Mode de paiement accept\u00e9\r\n<\/strong>e-banking\r\n\r\n<strong>Questions\r\n<\/strong>Consulter la page des <a href=\"https:\/\/alumniunige.ch\/aide\/\">FAQ<\/a>\r\nNous contacter : <a href=\"mailto:alumni@unige.ch\"><span class=\"obfuscated_link_text\">alumni@unige.ch<\/span><\/a>[\/vc_column_text]<\/div><\/div><\/div><\/div>[\/vc_tta_section][\/vc_tta_tour]<\/div><\/div><\/div><\/div><\/div>","protected":false},"excerpt":{"rendered":"[vc_column_text] ADH\u00c9RER [\/vc_column_text][vc_tta_tour active_section=\"1\"][vc_tta_section title=\"DEVENIR MEMBRE\" tab_id=\"devenir-membre\"] [vc_column_text] Devenir membre d'Alumni UNIGE Vous \u00eates un-e ancien-ne \u00e9tudiant-e de l\u2019UNIGE, o\u00f9 vous avez connu des moments inoubliables\u00a0? L\u2019UNIGE repr\u00e9sente un souvenir fort pour vous ? Vous avez envie de garder un lien avec l'UNIGE? Toutes les dipl\u00f4m\u00e9es et tous les dipl\u00f4m\u00e9s de l\u2019Universit\u00e9 de Gen\u00e8ve peuvent [...]","protected":false},"author":4,"featured_media":0,"parent":0,"menu_order":0,"comment_status":"closed","ping_status":"closed","template":"","meta":{"_acf_changed":false,"footnotes":""},"class_list":["post-157213","page","type-page","status-publish","hentry"],"acf":[],"yoast_head":"<!-- This site is optimized with the Yoast SEO plugin v27.3 - https:\/\/yoast.com\/product\/yoast-seo-wordpress\/ -->\n<title>REGISTER - ALUMNI - UNIGE<\/title>\n<meta name=\"robots\" content=\"index, follow, max-snippet:-1, max-image-preview:large, max-video-preview:-1\" \/>\n<link rel=\"canonical\" href=\"https:\/\/alumniunige.ch\/en\/register\/\" \/>\n<meta property=\"og:locale\" content=\"en_US\" \/>\n<meta property=\"og:type\" content=\"article\" \/>\n<meta property=\"og:title\" content=\"REGISTER - ALUMNI - UNIGE\" \/>\n<meta property=\"og:url\" content=\"https:\/\/alumniunige.ch\/en\/register\/\" \/>\n<meta property=\"og:site_name\" content=\"ALUMNI - UNIGE\" \/>\n<meta property=\"article:modified_time\" content=\"2024-03-01T14:17:49+00:00\" \/>\n<meta name=\"twitter:card\" content=\"summary_large_image\" \/>\n<meta name=\"twitter:label1\" content=\"Est. reading time\" \/>\n\t<meta name=\"twitter:data1\" content=\"3 minutes\" \/>\n<script type=\"application\/ld+json\" class=\"yoast-schema-graph\">{\"@context\":\"https:\\\/\\\/schema.org\",\"@graph\":[{\"@type\":\"WebPage\",\"@id\":\"https:\\\/\\\/alumniunige.ch\\\/en\\\/register\\\/\",\"url\":\"https:\\\/\\\/alumniunige.ch\\\/en\\\/register\\\/\",\"name\":\"REGISTER - ALUMNI - UNIGE\",\"isPartOf\":{\"@id\":\"https:\\\/\\\/alumniunige.ch\\\/#website\"},\"datePublished\":\"2024-03-01T14:17:30+00:00\",\"dateModified\":\"2024-03-01T14:17:49+00:00\",\"breadcrumb\":{\"@id\":\"https:\\\/\\\/alumniunige.ch\\\/en\\\/register\\\/#breadcrumb\"},\"inLanguage\":\"en-US\",\"potentialAction\":[{\"@type\":\"ReadAction\",\"target\":[\"https:\\\/\\\/alumniunige.ch\\\/en\\\/register\\\/\"]}]},{\"@type\":\"BreadcrumbList\",\"@id\":\"https:\\\/\\\/alumniunige.ch\\\/en\\\/register\\\/#breadcrumb\",\"itemListElement\":[{\"@type\":\"ListItem\",\"position\":1,\"name\":\"Startseite\",\"item\":\"https:\\\/\\\/alumniunige.ch\\\/en\\\/\"},{\"@type\":\"ListItem\",\"position\":2,\"name\":\"REGISTER\"}]},{\"@type\":\"WebSite\",\"@id\":\"https:\\\/\\\/alumniunige.ch\\\/#website\",\"url\":\"https:\\\/\\\/alumniunige.ch\\\/\",\"name\":\"ALUMNI - UNIGE\",\"description\":\"Universit\u00e9 de Gen\u00e8ve\",\"potentialAction\":[{\"@type\":\"SearchAction\",\"target\":{\"@type\":\"EntryPoint\",\"urlTemplate\":\"https:\\\/\\\/alumniunige.ch\\\/?s={search_term_string}\"},\"query-input\":{\"@type\":\"PropertyValueSpecification\",\"valueRequired\":true,\"valueName\":\"search_term_string\"}}],\"inLanguage\":\"en-US\"}]}<\/script>\n<!-- \/ Yoast SEO plugin. -->","yoast_head_json":{"title":"REGISTER - ALUMNI - UNIGE","robots":{"index":"index","follow":"follow","max-snippet":"max-snippet:-1","max-image-preview":"max-image-preview:large","max-video-preview":"max-video-preview:-1"},"canonical":"https:\/\/alumniunige.ch\/en\/register\/","og_locale":"en_US","og_type":"article","og_title":"REGISTER - ALUMNI - UNIGE","og_url":"https:\/\/alumniunige.ch\/en\/register\/","og_site_name":"ALUMNI - UNIGE","article_modified_time":"2024-03-01T14:17:49+00:00","twitter_card":"summary_large_image","twitter_misc":{"Est. reading time":"3 minutes"},"schema":{"@context":"https:\/\/schema.org","@graph":[{"@type":"WebPage","@id":"https:\/\/alumniunige.ch\/en\/register\/","url":"https:\/\/alumniunige.ch\/en\/register\/","name":"REGISTER - ALUMNI - UNIGE","isPartOf":{"@id":"https:\/\/alumniunige.ch\/#website"},"datePublished":"2024-03-01T14:17:30+00:00","dateModified":"2024-03-01T14:17:49+00:00","breadcrumb":{"@id":"https:\/\/alumniunige.ch\/en\/register\/#breadcrumb"},"inLanguage":"en-US","potentialAction":[{"@type":"ReadAction","target":["https:\/\/alumniunige.ch\/en\/register\/"]}]},{"@type":"BreadcrumbList","@id":"https:\/\/alumniunige.ch\/en\/register\/#breadcrumb","itemListElement":[{"@type":"ListItem","position":1,"name":"Startseite","item":"https:\/\/alumniunige.ch\/en\/"},{"@type":"ListItem","position":2,"name":"REGISTER"}]},{"@type":"WebSite","@id":"https:\/\/alumniunige.ch\/#website","url":"https:\/\/alumniunige.ch\/","name":"ALUMNI - UNIGE","description":"Universit\u00e9 de Gen\u00e8ve","potentialAction":[{"@type":"SearchAction","target":{"@type":"EntryPoint","urlTemplate":"https:\/\/alumniunige.ch\/?s={search_term_string}"},"query-input":{"@type":"PropertyValueSpecification","valueRequired":true,"valueName":"search_term_string"}}],"inLanguage":"en-US"}]}},"_links":{"self":[{"href":"https:\/\/alumniunige.ch\/en\/wp-json\/wp\/v2\/pages\/157213","targetHints":{"allow":["GET"]}}],"collection":[{"href":"https:\/\/alumniunige.ch\/en\/wp-json\/wp\/v2\/pages"}],"about":[{"href":"https:\/\/alumniunige.ch\/en\/wp-json\/wp\/v2\/types\/page"}],"author":[{"embeddable":true,"href":"https:\/\/alumniunige.ch\/en\/wp-json\/wp\/v2\/users\/4"}],"replies":[{"embeddable":true,"href":"https:\/\/alumniunige.ch\/en\/wp-json\/wp\/v2\/comments?post=157213"}],"version-history":[{"count":2,"href":"https:\/\/alumniunige.ch\/en\/wp-json\/wp\/v2\/pages\/157213\/revisions"}],"predecessor-version":[{"id":157215,"href":"https:\/\/alumniunige.ch\/en\/wp-json\/wp\/v2\/pages\/157213\/revisions\/157215"}],"wp:attachment":[{"href":"https:\/\/alumniunige.ch\/en\/wp-json\/wp\/v2\/media?parent=157213"}],"curies":[{"name":"wp","href":"https:\/\/api.w.org\/{rel}","templated":true}]}}